{"id":10,"date":"2018-10-21T21:42:17","date_gmt":"2018-10-21T21:42:17","guid":{"rendered":"http:\/\/metrologiaavanzada.com.mx\/Site\/?page_id=10"},"modified":"2024-03-09T01:19:40","modified_gmt":"2024-03-09T01:19:40","slug":"inicio","status":"publish","type":"page","link":"https:\/\/metrologiaavanzada.com.mx\/Site\/","title":{"rendered":"Inicio"},"content":{"rendered":"<p>[et_pb_section fb_built=\u00bb1&#8243; fullwidth=\u00bbon\u00bb _builder_version=\u00bb4.20.4&#8243; _module_preset=\u00bbdefault\u00bb global_colors_info=\u00bb{}\u00bb][et_pb_fullwidth_image src=\u00bbhttp:\/\/metrologiaavanzada.com.mx\/Site\/wp-content\/uploads\/2018\/11\/baner-titulo2-e1541640100498.png\u00bb title_text=\u00bbbaner-titulo2&#8243; _builder_version=\u00bb4.20.4&#8243; _module_preset=\u00bbdefault\u00bb width=\u00bb65%\u00bb module_alignment=\u00bbcenter\u00bb min_height=\u00bb242.6px\u00bb animation_style=\u00bbslide\u00bb global_colors_info=\u00bb{}\u00bb][\/et_pb_fullwidth_image][\/et_pb_section][et_pb_section fb_built=\u00bb1&#8243; _builder_version=\u00bb4.16&#8243; custom_margin=\u00bb||-60px|||\u00bb global_colors_info=\u00bb{}\u00bb][et_pb_row _builder_version=\u00bb4.20.4&#8243; _module_preset=\u00bbdefault\u00bb min_height=\u00bb558px\u00bb custom_margin=\u00bb|auto|21px|auto||\u00bb custom_padding=\u00bb||14px|||\u00bb global_colors_info=\u00bb{}\u00bb][et_pb_column type=\u00bb4_4&#8243; _builder_version=\u00bb4.20.4&#8243; _module_preset=\u00bbdefault\u00bb global_colors_info=\u00bb{}\u00bb][et_pb_slider _builder_version=\u00bb4.20.4&#8243; _module_preset=\u00bbdefault\u00bb custom_padding=\u00bb344px|||||\u00bb animation_style=\u00bbfade\u00bb animation_speed_curve=\u00bbease-in\u00bb auto=\u00bbon\u00bb global_colors_info=\u00bb{}\u00bb][et_pb_slide admin_title=\u00bbcalibrador\u00bb _builder_version=\u00bb4.20.4&#8243; _module_preset=\u00bbdefault\u00bb background_image=\u00bbhttp:\/\/metrologiaavanzada.com.mx\/Site\/wp-content\/uploads\/2018\/11\/banner3-1.jpg\u00bb background_enable_image=\u00bbon\u00bb global_colors_info=\u00bb{}\u00bb sticky_transition=\u00bbon\u00bb][\/et_pb_slide][et_pb_slide admin_title=\u00bbimagen2&#8243; _builder_version=\u00bb4.20.4&#8243; _module_preset=\u00bbdefault\u00bb background_image=\u00bbhttp:\/\/metrologiaavanzada.com.mx\/Site\/wp-content\/uploads\/2018\/11\/cutters.jpg\u00bb background_enable_image=\u00bbon\u00bb global_colors_info=\u00bb{}\u00bb sticky_transition=\u00bbon\u00bb][\/et_pb_slide][et_pb_slide _builder_version=\u00bb4.20.4&#8243; _module_preset=\u00bbdefault\u00bb background_image=\u00bbhttp:\/\/metrologiaavanzada.com.mx\/Site\/wp-content\/uploads\/2018\/11\/engranes.jpg\u00bb background_enable_image=\u00bbon\u00bb global_colors_info=\u00bb{}\u00bb sticky_transition=\u00bbon\u00bb][\/et_pb_slide][\/et_pb_slider][\/et_pb_column][\/et_pb_row][\/et_pb_section][et_pb_section fb_built=\u00bb1&#8243; _builder_version=\u00bb4.16&#8243; custom_margin=\u00bb||4px|||\u00bb custom_padding=\u00bb64px|||||\u00bb global_colors_info=\u00bb{}\u00bb][et_pb_row _builder_version=\u00bb4.20.4&#8243; _module_preset=\u00bbdefault\u00bb global_colors_info=\u00bb{}\u00bb][et_pb_column type=\u00bb4_4&#8243; _builder_version=\u00bb4.20.4&#8243; _module_preset=\u00bbdefault\u00bb global_colors_info=\u00bb{}\u00bb][et_pb_slider show_pagination=\u00bboff\u00bb _builder_version=\u00bb4.20.4&#8243; _module_preset=\u00bbdefault\u00bb body_line_height=\u00bb1.9em\u00bb background_color=\u00bbRGBA(255,255,255,0)\u00bb custom_margin=\u00bb13px||||false|false\u00bb custom_padding=\u00bb98px||53px|0px||\u00bb animation_style=\u00bbslide\u00bb animation_speed_curve=\u00bbease-in\u00bb global_colors_info=\u00bb{}\u00bb][et_pb_slide image=\u00bbhttp:\/\/metrologiaavanzada.com.mx\/Site\/wp-content\/uploads\/2018\/12\/QuantuMike-serie293-IP65-p29-1.jpg\u00bb _builder_version=\u00bb4.20.4&#8243; _module_preset=\u00bbdefault\u00bb body_font=\u00bb||||||||\u00bb body_text_align=\u00bbjustify\u00bb background_layout=\u00bblight\u00bb width=\u00bb100%\u00bb custom_padding=\u00bb5px||||false|false\u00bb global_colors_info=\u00bb{}\u00bb sticky_transition=\u00bbon\u00bb]<\/p>\n<p>Bienvenido a Metrologia Avanzada, donde te ofrecemos todo en el \u00e1rea de <strong>calibraci\u00f3n, reparaci\u00f3n y soporte de herramientas de precisi\u00f3n<\/strong> en Guadalajara, Jalisco. Adem\u00e1s, brindamos capacitaci\u00f3n a su personal para el manejo y cuidado de equipos de medici\u00f3n.<\/p>\n<p>Somos distribuidores autorizados de la marca <strong>MITUTOYO<\/strong>, l\u00edder en el \u00e1rea de equipos de medici\u00f3n y precisi\u00f3n.<\/p>\n<p>Ofrecemos <strong>servicio de calibraci\u00f3n de instrumentos y equipos de medici\u00f3n, asi como reparaci\u00f3n y soporte en herramientas de Precisi\u00f3n<\/strong> a domicilio, siempre y cuando se cumplan las condiciones adecuadas.<\/p>\n<p>Nuestro personal calificado \u00a0te ofrecer\u00e1 atenci\u00f3n personalizada as\u00ed como la asesor\u00eda adecuada en la elecci\u00f3n del <strong>instrumento de medici\u00f3n<\/strong> que mejor se adapte a tus necesidades espec\u00edficas y a las de tu empresa.<\/p>\n<p>[\/et_pb_slide][\/et_pb_slider][\/et_pb_column][\/et_pb_row][et_pb_row column_structure=\u00bb1_4,1_4,1_4,1_4&#8243; _builder_version=\u00bb4.20.4&#8243; _module_preset=\u00bbdefault\u00bb custom_padding=\u00bb13px|||||\u00bb global_colors_info=\u00bb{}\u00bb][et_pb_column type=\u00bb1_4&#8243; _builder_version=\u00bb4.20.4&#8243; _module_preset=\u00bbdefault\u00bb global_colors_info=\u00bb{}\u00bb][et_pb_number_counter title=\u00bbA\u00f1os de Experiencia\u00bb number=\u00bb25&#8243; percent_sign=\u00bboff\u00bb _builder_version=\u00bb4.20.4&#8243; _module_preset=\u00bbdefault\u00bb title_text_align=\u00bbcenter\u00bb title_font_size=\u00bb21px\u00bb animation_style=\u00bbbounce\u00bb number_text_shadow_style=\u00bbpreset4&#8243; global_colors_info=\u00bb{}\u00bb][\/et_pb_number_counter][\/et_pb_column][et_pb_column type=\u00bb1_4&#8243; _builder_version=\u00bb4.20.4&#8243; _module_preset=\u00bbdefault\u00bb global_colors_info=\u00bb{}\u00bb][\/et_pb_column][et_pb_column type=\u00bb1_4&#8243; _builder_version=\u00bb4.20.4&#8243; _module_preset=\u00bbdefault\u00bb global_colors_info=\u00bb{}\u00bb][et_pb_number_counter title=\u00bbm\u00e1s de100 productos de linea\u00bb number=\u00bb100&#8243; percent_sign=\u00bboff\u00bb _builder_version=\u00bb4.20.4&#8243; _module_preset=\u00bbdefault\u00bb global_colors_info=\u00bb{}\u00bb][\/et_pb_number_counter][\/et_pb_column][et_pb_column type=\u00bb1_4&#8243; _builder_version=\u00bb4.20.4&#8243; _module_preset=\u00bbdefault\u00bb global_colors_info=\u00bb{}\u00bb][\/et_pb_column][\/et_pb_row][\/et_pb_section][et_pb_section fb_built=\u00bb1&#8243; theme_builder_area=\u00bbpost_content\u00bb _builder_version=\u00bb4.22.2&#8243; _module_preset=\u00bbdefault\u00bb][et_pb_row _builder_version=\u00bb4.22.2&#8243; _module_preset=\u00bbdefault\u00bb column_structure=\u00bb2_5,3_5&#8243; theme_builder_area=\u00bbpost_content\u00bb][et_pb_column _builder_version=\u00bb4.22.2&#8243; _module_preset=\u00bbdefault\u00bb type=\u00bb2_5&#8243; theme_builder_area=\u00bbpost_content\u00bb][et_pb_social_media_follow _builder_version=\u00bb4.22.2&#8243; _module_preset=\u00bbdefault\u00bb theme_builder_area=\u00bbpost_content\u00bb hover_enabled=\u00bb0&#8243; sticky_enabled=\u00bb0&#8243; custom_padding=\u00bb|129px||||\u00bb custom_margin=\u00bb|105px||||\u00bb][et_pb_social_media_follow_network social_network=\u00bbwhatsapp\u00bb background_color=\u00bb#25D366&#8243; _builder_version=\u00bb4.22.2&#8243; _module_preset=\u00bbdefault\u00bb theme_builder_area=\u00bbpost_content\u00bb follow_button=\u00bboff\u00bb url_new_window=\u00bbon\u00bb url=\u00bbhttps:\/\/wa.link\/nhxxrj\u00bb hover_enabled=\u00bb0&#8243; sticky_enabled=\u00bb0&#8243; use_icon_font_size=\u00bbon\u00bb icon_font_size=\u00bb35px\u00bb box_shadow_style=\u00bbpreset1&#8243;]whatsapp[\/et_pb_social_media_follow_network][\/et_pb_social_media_follow][\/et_pb_column][et_pb_column _builder_version=\u00bb4.22.2&#8243; _module_preset=\u00bbdefault\u00bb type=\u00bb3_5&#8243; theme_builder_area=\u00bbpost_content\u00bb][et_pb_text _builder_version=\u00bb4.22.2&#8243; _module_preset=\u00bbdefault\u00bb theme_builder_area=\u00bbpost_content\u00bb hover_enabled=\u00bb0&#8243; sticky_enabled=\u00bb0&#8243; custom_margin=\u00bb|554px||-273px||\u00bb custom_padding=\u00bb|1px||||\u00bb width=\u00bb46.9%\u00bb min_height=\u00bb78px\u00bb]<\/p>\n<h4>Usa Nuestro Chat de Whatsapp, para contactarnos, te ayudaremos en lo que necesites.<\/h4>\n<p>[\/et_pb_text][\/et_pb_column][\/et_pb_row][\/et_pb_section]<\/p>\n","protected":false},"excerpt":{"rendered":"<p>Bienvenido a Metrologia Avanzada, donde te ofrecemos todo en el \u00e1rea de calibraci\u00f3n, reparaci\u00f3n y soporte de herramientas de precisi\u00f3n en Guadalajara, Jalisco. Adem\u00e1s, brindamos capacitaci\u00f3n a su personal para el manejo y cuidado de equipos de medici\u00f3n. Somos distribuidores autorizados de la marca MITUTOYO, l\u00edder en el \u00e1rea de equipos de medici\u00f3n y precisi\u00f3n. [&hellip;]<\/p>\n","protected":false},"author":1,"featured_media":0,"parent":0,"menu_order":0,"comment_status":"closed","ping_status":"closed","template":"","meta":{"_et_pb_use_builder":"on","_et_pb_old_content":"<section id=\"builder-section-banner_11\" class=\"builder-section-first builder-section builder-section-banner builder-section-next-text\" style=\"background-size: cover; background-repeat: no-repeat; background-position: center center;\">\n<div class=\"builder-section-content cycle-slideshow\" data-cycle-log=\"false\" data-cycle-slides=\"div.builder-banner-slide\" data-cycle-swipe=\"true\" data-cycle-timeout=\"6000\" data-cycle-fx=\"scrollHorz\">\n<div class=\"builder-banner-slide content-position-none\" style=\"background-image: url('http:\/\/metrologiaavanzada.com.mx\/Site\/wp-content\/uploads\/2018\/11\/banner3-1.jpg');\">\n<div class=\"builder-banner-content\">\n<div class=\"builder-banner-inner-content\"><\/div>\n<\/div>\n<\/div>\n<div class=\"builder-banner-slide content-position-none\" style=\"background-image: url('http:\/\/metrologiaavanzada.com.mx\/Site\/wp-content\/uploads\/2018\/11\/regla.jpg');\">\n<div class=\"builder-banner-content\">\n<div class=\"builder-banner-inner-content\"><\/div>\n<\/div>\n<\/div>\n<div class=\"builder-banner-slide content-position-none\" style=\"background-image: url('http:\/\/metrologiaavanzada.com.mx\/Site\/wp-content\/uploads\/2018\/11\/baner2micro.jpg');\">\n<div class=\"builder-banner-content\">\n<div class=\"builder-banner-inner-content\"><\/div>\n<\/div>\n<\/div>\n<div class=\"builder-banner-slide content-position-none\" style=\"background-image: url('http:\/\/metrologiaavanzada.com.mx\/Site\/wp-content\/uploads\/2018\/11\/cutters.jpg');\">\n<div class=\"builder-banner-content\">\n<div class=\"builder-banner-inner-content\"><\/div>\n<\/div>\n<\/div>\n<div class=\"builder-banner-slide content-position-none\" style=\"background-image: url('http:\/\/metrologiaavanzada.com.mx\/Site\/wp-content\/uploads\/2018\/11\/banner4.jpg');\">\n<div class=\"builder-banner-content\">\n<div class=\"builder-banner-inner-content\"><\/div>\n<\/div>\n<\/div>\n<div class=\"builder-banner-slide content-position-none\" style=\"background-image: url('http:\/\/metrologiaavanzada.com.mx\/Site\/wp-content\/uploads\/2018\/11\/engranes.jpg');\">\n<div class=\"builder-banner-content\">\n<div class=\"builder-banner-inner-content\"><\/div>\n<\/div>\n<\/div>\n<div class=\"builder-banner-slide content-position-none\" style=\"background-image: url('http:\/\/metrologiaavanzada.com.mx\/Site\/wp-content\/uploads\/2018\/11\/medidoraltura.jpg');\">\n<div class=\"builder-banner-content\">\n<div class=\"builder-banner-inner-content\"><\/div>\n<\/div>\n<\/div>\n<div class=\"cycle-prev\"><\/div>\n<div class=\"cycle-next\"><\/div>\n<div class=\"cycle-pager\"><\/div>\n<\/div>\n<\/section>\n<section id=\"builder-section-text_25\" class=\"builder-section-prev-banner builder-section builder-section-text builder-section-last builder-text-columns-1\" style=\"background-size: cover; background-repeat: no-repeat; background-position: center center;\">\n<div class=\"builder-section-content\">\n<div class=\"builder-text-row\">\n<div id=\"builder-section-text_25-column-1\" class=\"builder-text-column builder-text-column-1\">\n<div class=\"builder-text-content\">\n\nBienvenido a Metrologia Avanzada, donde te ofrecemos todo en el \u00e1rea de <strong>calibraci\u00f3n, reparaci\u00f3n y soporte de herramientas de precisi\u00f3n<\/strong> en Guadalajara, Jalisco. Adem\u00e1s, brindamos capacitaci\u00f3n a su personal para el manejo y cuidado de equipos de medici\u00f3n.\n\nSomos distribuidores autorizados de la marca <strong>MITUTOYO<\/strong>, l\u00edder en el \u00e1rea de equipos de medici\u00f3n y precisi\u00f3n.\n\nOfrecemos <strong>servicio de calibraci\u00f3n de instrumentos y equipos de medici\u00f3n<\/strong> a domicilio, siempre y cuando se cumplan las condiciones adecuadas.\n\nNuestro personal te ofrecer\u00e1 atenci\u00f3n personalizada as\u00ed como la asesor\u00eda adecuada en la elecci\u00f3n del <strong>instrumento de medici\u00f3n<\/strong> que mejor se adapte a tus necesidades espec\u00edficas y a las de tu empresa.\n\n<\/div>\n<\/div>\n<\/div>\n<div class=\"builder-text-row\">\n<div id=\"builder-section-text_25-column-1\" class=\"builder-text-column builder-text-column-2\">\n<div class=\"builder-text-content\"><\/div>\n<\/div>\n<\/div>\n<div class=\"builder-text-row\">\n<div id=\"builder-section-text_25-column-1\" class=\"builder-text-column builder-text-column-3\">\n<div class=\"builder-text-content\"><\/div>\n<\/div>\n<\/div>\n<\/div>\n<\/section>","_et_gb_content_width":"","footnotes":""},"class_list":["post-10","page","type-page","status-publish","hentry"],"_links":{"self":[{"href":"https:\/\/metrologiaavanzada.com.mx\/Site\/wp-json\/wp\/v2\/pages\/10","targetHints":{"allow":["GET"]}}],"collection":[{"href":"https:\/\/metrologiaavanzada.com.mx\/Site\/wp-json\/wp\/v2\/pages"}],"about":[{"href":"https:\/\/metrologiaavanzada.com.mx\/Site\/wp-json\/wp\/v2\/types\/page"}],"author":[{"embeddable":true,"href":"https:\/\/metrologiaavanzada.com.mx\/Site\/wp-json\/wp\/v2\/users\/1"}],"replies":[{"embeddable":true,"href":"https:\/\/metrologiaavanzada.com.mx\/Site\/wp-json\/wp\/v2\/comments?post=10"}],"version-history":[{"count":15,"href":"https:\/\/metrologiaavanzada.com.mx\/Site\/wp-json\/wp\/v2\/pages\/10\/revisions"}],"predecessor-version":[{"id":352,"href":"https:\/\/metrologiaavanzada.com.mx\/Site\/wp-json\/wp\/v2\/pages\/10\/revisions\/352"}],"wp:attachment":[{"href":"https:\/\/metrologiaavanzada.com.mx\/Site\/wp-json\/wp\/v2\/media?parent=10"}],"curies":[{"name":"wp","href":"https:\/\/api.w.org\/{rel}","templated":true}]}}