{"id":170,"date":"2018-12-12T22:01:39","date_gmt":"2018-12-12T22:01:39","guid":{"rendered":"http:\/\/metrologiaavanzada.com.mx\/Site\/?post_type=product&#038;p=170"},"modified":"2018-12-12T22:05:54","modified_gmt":"2018-12-12T22:05:54","slug":"micrometro-digimatic-de-alta-exatitud-series-293","status":"publish","type":"product","link":"https:\/\/metrologiaavanzada.com.mx\/Site\/producto\/micrometro-digimatic-de-alta-exatitud-series-293\/","title":{"rendered":"Micr\u00f3metro Digimatic de alta Exatitud SERIES 293"},"content":{"rendered":"<ul>\n<li>Permite mediciones con resoluci\u00f3n de 0.1\u03bcm, este micr\u00f3metro es ideal para quienes necesitan hacer mediciones de alta exactitud con instrumentos de medicion.<br \/>\n\u2022 El Micr\u00f3metro Digimatic de Alta Exactitud usa el innovador sensor giratorio*1 ABS (Absolute) de Mitutoyo con resoluci\u00f3n de 0.1\u03bcm y tecnolog\u00eda de maquinado de rosca de alta exactitud para reducir el error a \u00b10.5\u03bcm, entregando la exactitud m\u00e1s alta sin sacrifi car la operaci\u00f3n.<\/li>\n<\/ul>\n<p>*1 Patente pendiente en Jap\u00f3n, Estados Unidos de Am\u00e9rica,Uni\u00f3n Europea y China.<\/p>\n<ul>\n<li>Un marco altamente r\u00edgido y mecanismo de fuerza constante*2 de alto rendimiento<br \/>\npermiten mediciones m\u00e1s estables, los clics emitidos mientras se mide la pieza aseguran al operador que la medici\u00f3n se realiza con normalidad.<\/li>\n<\/ul>\n<p>*2 Patente pendiente en Jap\u00f3n, Estados Unidos de Am\u00e9rica, Uni\u00f3n Europea y China.<\/p>\n<ul>\n<li>El calor de la mano transmitido al instrumento se reduce con el uso de una cubierta aislante (removible), minimizando el error causado por la expansi\u00f3n t\u00e9rmica del marco cuando se realizan mediciones tomando el instrumento con la mano.<\/li>\n<\/ul>\n<p>&nbsp;<\/p>\n<ul>\n<li>El sensor giratorio*3 ABS (Absolute) elimina la necesidad de establecer el origen cada vez que el instrumento se apaga, permitiendo iniciar las mediciones de forma inmediata. Sin la posibilidad de<br \/>\nerrores de sobre velocidad, el Micr\u00f3metro Digimatic de Alta Exactitud tambi\u00e9n<br \/>\nentrega el m\u00e1s alto nivel de confiabilidad.<\/li>\n<\/ul>\n<p>*3 Patente pendiente en Jap\u00f3n, Estados Unidos de Am\u00e9rica, Uni\u00f3n Europea y China.<\/p>\n<ul>\n<li>El Micr\u00f3metro Digimatic de Alta Exactitud tiene diversas caracter\u00edsticas que permite<br \/>\nmediciones flexibles, la resoluci\u00f3n intercambiable (0.0001mm\/0.0005mm), la funci\u00f3n de bloqueo y el prefijado.<\/li>\n<\/ul>\n<p>\u2022 Medici\u00f3n de caras: carburo<\/p>\n","protected":false},"excerpt":{"rendered":"<p>Permite mediciones con resoluci\u00f3n de 0.1\u03bcm, este micr\u00f3metro es ideal para quienes necesitan hacer mediciones de alta exactitud con instrumentos de medicion. \u2022 El Micr\u00f3metro Digimatic de Alta Exactitud usa el innovador sensor giratorio*1 ABS (Absolute) de Mitutoyo con resoluci\u00f3n de 0.1\u03bcm y tecnolog\u00eda de maquinado de rosca de alta exactitud para reducir el error [&hellip;]<\/p>\n","protected":false},"featured_media":171,"comment_status":"open","ping_status":"closed","template":"","meta":{"_et_pb_use_builder":"","_et_pb_old_content":"","_et_gb_content_width":""},"product_cat":[23],"product_tag":[24],"class_list":{"0":"post-170","1":"product","2":"type-product","3":"status-publish","4":"has-post-thumbnail","6":"product_cat-micrometro","7":"product_tag-micrometro","9":"first","10":"instock","11":"shipping-taxable","12":"product-type-simple"},"_links":{"self":[{"href":"https:\/\/metrologiaavanzada.com.mx\/Site\/wp-json\/wp\/v2\/product\/170","targetHints":{"allow":["GET"]}}],"collection":[{"href":"https:\/\/metrologiaavanzada.com.mx\/Site\/wp-json\/wp\/v2\/product"}],"about":[{"href":"https:\/\/metrologiaavanzada.com.mx\/Site\/wp-json\/wp\/v2\/types\/product"}],"replies":[{"embeddable":true,"href":"https:\/\/metrologiaavanzada.com.mx\/Site\/wp-json\/wp\/v2\/comments?post=170"}],"wp:featuredmedia":[{"embeddable":true,"href":"https:\/\/metrologiaavanzada.com.mx\/Site\/wp-json\/wp\/v2\/media\/171"}],"wp:attachment":[{"href":"https:\/\/metrologiaavanzada.com.mx\/Site\/wp-json\/wp\/v2\/media?parent=170"}],"wp:term":[{"taxonomy":"product_cat","embeddable":true,"href":"https:\/\/metrologiaavanzada.com.mx\/Site\/wp-json\/wp\/v2\/product_cat?post=170"},{"taxonomy":"product_tag","embeddable":true,"href":"https:\/\/metrologiaavanzada.com.mx\/Site\/wp-json\/wp\/v2\/product_tag?post=170"}],"curies":[{"name":"wp","href":"https:\/\/api.w.org\/{rel}","templated":true}]}}