{"id":208,"date":"2018-12-19T04:43:26","date_gmt":"2018-12-19T04:43:26","guid":{"rendered":"http:\/\/metrologiaavanzada.com.mx\/Site\/?post_type=product&#038;p=208"},"modified":"2018-12-19T04:43:26","modified_gmt":"2018-12-19T04:43:26","slug":"quickmike-serie-293-ip54-micrometros-absolute-digimatic","status":"publish","type":"product","link":"https:\/\/metrologiaavanzada.com.mx\/Site\/producto\/quickmike-serie-293-ip54-micrometros-absolute-digimatic\/","title":{"rendered":"Quickmike SERIE 293 \u2014 IP54 Micr\u00f3metros ABSOLUTE Digimatic"},"content":{"rendered":"<p>\u2022 El Quickmike proporciona una r\u00e1pida alimentacion del husillo de 10mm por cadarevoluci\u00f3n del tambor, lo que permite llevar a cabo mediciones de alta variaci\u00f3n r\u00e1pidamente.<br \/>\n\u2022 Establece el zero \u00fanicamente una vez. La escala linear absoluta mantiene el origen a trav\u00e9s de la vida de la pila, lo que significa no volver a establecer el cero, ni tener errores de exceso por velocidad.<br \/>\n\u2022 Superficie de medici\u00f3n: Carburo<br \/>\n\u2022 Incluye un trinquete para fuerza de medici\u00f3n constante.<br \/>\n\u2022 La linea incluye: Micr\u00f3metros de Cuchillas con Husillo sin Giro (refi\u00e9rase a la p\u00e1gina 71), Micr\u00f3metro de Disco (refi\u00e9rase a la p\u00e1gina 54) y de los Micr\u00f3metros para Altura de Conectores (refi\u00e9rase a la p\u00e1gina 75).<\/p>\n","protected":false},"excerpt":{"rendered":"<p>\u2022 El Quickmike proporciona una r\u00e1pida alimentacion del husillo de 10mm por cadarevoluci\u00f3n del tambor, lo que permite llevar a cabo mediciones de alta variaci\u00f3n r\u00e1pidamente. \u2022 Establece el zero \u00fanicamente una vez. La escala linear absoluta mantiene el origen a trav\u00e9s de la vida de la pila, lo que significa no volver a establecer [&hellip;]<\/p>\n","protected":false},"featured_media":211,"comment_status":"open","ping_status":"closed","template":"","meta":{"_et_pb_use_builder":"","_et_pb_old_content":"","_et_gb_content_width":""},"product_cat":[23],"product_tag":[24],"class_list":{"0":"post-208","1":"product","2":"type-product","3":"status-publish","4":"has-post-thumbnail","6":"product_cat-micrometro","7":"product_tag-micrometro","9":"first","10":"instock","11":"shipping-taxable","12":"product-type-simple"},"_links":{"self":[{"href":"https:\/\/metrologiaavanzada.com.mx\/Site\/wp-json\/wp\/v2\/product\/208","targetHints":{"allow":["GET"]}}],"collection":[{"href":"https:\/\/metrologiaavanzada.com.mx\/Site\/wp-json\/wp\/v2\/product"}],"about":[{"href":"https:\/\/metrologiaavanzada.com.mx\/Site\/wp-json\/wp\/v2\/types\/product"}],"replies":[{"embeddable":true,"href":"https:\/\/metrologiaavanzada.com.mx\/Site\/wp-json\/wp\/v2\/comments?post=208"}],"wp:featuredmedia":[{"embeddable":true,"href":"https:\/\/metrologiaavanzada.com.mx\/Site\/wp-json\/wp\/v2\/media\/211"}],"wp:attachment":[{"href":"https:\/\/metrologiaavanzada.com.mx\/Site\/wp-json\/wp\/v2\/media?parent=208"}],"wp:term":[{"taxonomy":"product_cat","embeddable":true,"href":"https:\/\/metrologiaavanzada.com.mx\/Site\/wp-json\/wp\/v2\/product_cat?post=208"},{"taxonomy":"product_tag","embeddable":true,"href":"https:\/\/metrologiaavanzada.com.mx\/Site\/wp-json\/wp\/v2\/product_tag?post=208"}],"curies":[{"name":"wp","href":"https:\/\/api.w.org\/{rel}","templated":true}]}}