{"id":214,"date":"2018-12-19T04:55:28","date_gmt":"2018-12-19T04:55:28","guid":{"rendered":"http:\/\/metrologiaavanzada.com.mx\/Site\/?post_type=product&#038;p=214"},"modified":"2025-03-06T14:33:36","modified_gmt":"2025-03-06T14:33:36","slug":"micrometros-digimatic-absolute-series-227-con-fuerza-de-medicion-ajustable","status":"publish","type":"product","link":"https:\/\/metrologiaavanzada.com.mx\/Site\/producto\/micrometros-digimatic-absolute-series-227-con-fuerza-de-medicion-ajustable\/","title":{"rendered":"Micr\u00f3metros Digimatic ABSOLUTE SERIES 227 &#8211; con Fuerza de Medici\u00f3n Ajustable"},"content":{"rendered":"<p>\u2022 Micr\u00f3metro Digimatic dedicado a aplicacaciones que requieran fuerza de medici\u00f3n constante\/baja como cuando se mide alambre, papel, y partes de pl\u00e1stico o goma.<br \/>\n\u2022 Mecanismo de trinquete en el husillo para aplicar fuerza constante a la pieza de trabajo<br \/>\n\u2022 Compacto y f\u00e1cil de usar<br \/>\n\u2022 La fuerza de medici\u00f3n es ajustable ( en pasos) para adecuarse a diferentes tipos de piezas de trabajo.<br \/>\n\u2022 Alta exactitud a\u00fan para operadores poco experimentados debido a la repititibilidad de la fuerza de medici\u00f3n aplicada de manera autom\u00e1tica.<br \/>\n\u2022 Husillo no rotatorio<br \/>\n\u2022 Superficie de medici\u00f3n: Carburo<\/p>\n","protected":false},"excerpt":{"rendered":"<p>\u2022 Micr\u00f3metro Digimatic dedicado a aplicacaciones que requieran fuerza de medici\u00f3n constante\/baja como cuando se mide alambre, papel, y partes de pl\u00e1stico o goma. \u2022 Mecanismo de trinquete en el husillo para aplicar fuerza constante a la pieza de trabajo \u2022 Compacto y f\u00e1cil de usar \u2022 La fuerza de medici\u00f3n es ajustable ( en [&hellip;]<\/p>\n","protected":false},"featured_media":215,"comment_status":"open","ping_status":"closed","template":"","meta":{"_et_pb_use_builder":"","_et_pb_old_content":"","_et_gb_content_width":""},"product_cat":[23],"product_tag":[24],"class_list":{"0":"post-214","1":"product","2":"type-product","3":"status-publish","4":"has-post-thumbnail","6":"product_cat-micrometro","7":"product_tag-micrometro","9":"first","10":"instock","11":"shipping-taxable","12":"product-type-simple"},"_links":{"self":[{"href":"https:\/\/metrologiaavanzada.com.mx\/Site\/wp-json\/wp\/v2\/product\/214","targetHints":{"allow":["GET"]}}],"collection":[{"href":"https:\/\/metrologiaavanzada.com.mx\/Site\/wp-json\/wp\/v2\/product"}],"about":[{"href":"https:\/\/metrologiaavanzada.com.mx\/Site\/wp-json\/wp\/v2\/types\/product"}],"replies":[{"embeddable":true,"href":"https:\/\/metrologiaavanzada.com.mx\/Site\/wp-json\/wp\/v2\/comments?post=214"}],"wp:featuredmedia":[{"embeddable":true,"href":"https:\/\/metrologiaavanzada.com.mx\/Site\/wp-json\/wp\/v2\/media\/215"}],"wp:attachment":[{"href":"https:\/\/metrologiaavanzada.com.mx\/Site\/wp-json\/wp\/v2\/media?parent=214"}],"wp:term":[{"taxonomy":"product_cat","embeddable":true,"href":"https:\/\/metrologiaavanzada.com.mx\/Site\/wp-json\/wp\/v2\/product_cat?post=214"},{"taxonomy":"product_tag","embeddable":true,"href":"https:\/\/metrologiaavanzada.com.mx\/Site\/wp-json\/wp\/v2\/product_tag?post=214"}],"curies":[{"name":"wp","href":"https:\/\/api.w.org\/{rel}","templated":true}]}}